{"id":2,"date":"2018-08-24T09:49:17","date_gmt":"2018-08-24T07:49:17","guid":{"rendered":"https:\/\/agraria.baldessano.roccati.edu.it\/?page_id=2"},"modified":"2025-01-07T20:42:32","modified_gmt":"2025-01-07T19:42:32","slug":"pagina-di-esempio","status":"publish","type":"page","link":"https:\/\/agraria.baldessano.roccati.edu.it\/index.php\/pagina-di-esempio\/","title":{"rendered":"Coltura Idroponica"},"content":{"rendered":"<p><span style=\"font-size: 14pt;\">Il progetto, rivolto agli studenti delle classi quarte, ha conseguito l\u2019obiettivo principale di far acquisire agli allievi competenze relative alla gestione delle colture orticole fuori-suolo. Il corso, della durata di 18 ore, \u00e8 stato condotto da Dottori Agronomi esperti del settore e si \u00e8 avvalso delle strutture quali serre, tunnel, laboratori ed attrezzature di cui l\u2019istituto \u00e8 dotato. La scelta di svolgere tale attivit\u00e0 \u00e8 stata fatta in virt\u00f9 dell\u2019enorme importanza economica che riveste il settore delle colture fuori-suolo sia in Italia sia nel mondo. La coltivazione idroponica, infatti, permette un migliore controllo dell\u2019approvvigionamento idrico e nutrizionale delle piante, con riflessi positivi su quantit\u00e0 e qualit\u00e0 delle produzioni. Inoltre, mediante tali tecniche, \u00e8 possibile effettuare una difesa pi\u00f9 efficiente e mirata delle colture nei confronti delle avversit\u00e0 fitosanitarie.<\/span><\/p>\n<p>&nbsp;<\/p>\n<div id='gallery-1' class='gallery galleryid-2 gallery-columns-3 gallery-size-medium'><figure class='gallery-item'>\n\t\t\t<div class='gallery-icon landscape'>\n\t\t\t\t<a href='https:\/\/agraria.baldessano.roccati.edu.it\/index.php\/pagina-di-esempio\/20180326_152600\/'><img loading=\"lazy\" decoding=\"async\" width=\"300\" height=\"169\" src=\"https:\/\/agraria.baldessano.roccati.edu.it\/wp-content\/uploads\/2018\/12\/20180326_152600-300x169.jpg\" class=\"attachment-medium size-medium\" alt=\"\" aria-describedby=\"gallery-1-168\" srcset=\"https:\/\/agraria.baldessano.roccati.edu.it\/wp-content\/uploads\/2018\/12\/20180326_152600-300x169.jpg 300w, https:\/\/agraria.baldessano.roccati.edu.it\/wp-content\/uploads\/2018\/12\/20180326_152600-768x432.jpg 768w, https:\/\/agraria.baldessano.roccati.edu.it\/wp-content\/uploads\/2018\/12\/20180326_152600-1024x576.jpg 1024w, https:\/\/agraria.baldessano.roccati.edu.it\/wp-content\/uploads\/2018\/12\/20180326_152600-370x208.jpg 370w, https:\/\/agraria.baldessano.roccati.edu.it\/wp-content\/uploads\/2018\/12\/20180326_152600-1040x585.jpg 1040w, https:\/\/agraria.baldessano.roccati.edu.it\/wp-content\/uploads\/2018\/12\/20180326_152600.jpg 2048w\" sizes=\"auto, (max-width: 300px) 100vw, 300px\" \/><\/a>\n\t\t\t<\/div>\n\t\t\t\t<figcaption class='wp-caption-text gallery-caption' id='gallery-1-168'>\n\t\t\t\tLezione di coltura idroponica\n\t\t\t\t<\/figcaption><\/figure><figure class='gallery-item'>\n\t\t\t<div class='gallery-icon landscape'>\n\t\t\t\t<a href='https:\/\/agraria.baldessano.roccati.edu.it\/index.php\/pagina-di-esempio\/20180413_145000\/'><img loading=\"lazy\" decoding=\"async\" width=\"300\" height=\"169\" src=\"https:\/\/agraria.baldessano.roccati.edu.it\/wp-content\/uploads\/2018\/12\/20180413_145000-300x169.jpg\" class=\"attachment-medium size-medium\" alt=\"\" aria-describedby=\"gallery-1-166\" srcset=\"https:\/\/agraria.baldessano.roccati.edu.it\/wp-content\/uploads\/2018\/12\/20180413_145000-300x169.jpg 300w, https:\/\/agraria.baldessano.roccati.edu.it\/wp-content\/uploads\/2018\/12\/20180413_145000-768x432.jpg 768w, https:\/\/agraria.baldessano.roccati.edu.it\/wp-content\/uploads\/2018\/12\/20180413_145000-1024x576.jpg 1024w, https:\/\/agraria.baldessano.roccati.edu.it\/wp-content\/uploads\/2018\/12\/20180413_145000-370x208.jpg 370w, https:\/\/agraria.baldessano.roccati.edu.it\/wp-content\/uploads\/2018\/12\/20180413_145000-1040x585.jpg 1040w, https:\/\/agraria.baldessano.roccati.edu.it\/wp-content\/uploads\/2018\/12\/20180413_145000.jpg 2048w\" sizes=\"auto, (max-width: 300px) 100vw, 300px\" \/><\/a>\n\t\t\t<\/div>\n\t\t\t\t<figcaption class='wp-caption-text gallery-caption' id='gallery-1-166'>\n\t\t\t\t<Lezione di coltura idroponica\n\t\t\t\t<\/figcaption><\/figure><figure class='gallery-item'>\n\t\t\t<div class='gallery-icon landscape'>\n\t\t\t\t<a href='https:\/\/agraria.baldessano.roccati.edu.it\/index.php\/pagina-di-esempio\/20180406_155312\/'><img loading=\"lazy\" decoding=\"async\" width=\"300\" height=\"169\" src=\"https:\/\/agraria.baldessano.roccati.edu.it\/wp-content\/uploads\/2018\/12\/20180406_155312-300x169.jpg\" class=\"attachment-medium size-medium\" alt=\"\" aria-describedby=\"gallery-1-165\" srcset=\"https:\/\/agraria.baldessano.roccati.edu.it\/wp-content\/uploads\/2018\/12\/20180406_155312-300x169.jpg 300w, https:\/\/agraria.baldessano.roccati.edu.it\/wp-content\/uploads\/2018\/12\/20180406_155312-768x432.jpg 768w, https:\/\/agraria.baldessano.roccati.edu.it\/wp-content\/uploads\/2018\/12\/20180406_155312-1024x576.jpg 1024w, https:\/\/agraria.baldessano.roccati.edu.it\/wp-content\/uploads\/2018\/12\/20180406_155312-370x208.jpg 370w, https:\/\/agraria.baldessano.roccati.edu.it\/wp-content\/uploads\/2018\/12\/20180406_155312-1040x585.jpg 1040w, https:\/\/agraria.baldessano.roccati.edu.it\/wp-content\/uploads\/2018\/12\/20180406_155312.jpg 2048w\" sizes=\"auto, (max-width: 300px) 100vw, 300px\" \/><\/a>\n\t\t\t<\/div>\n\t\t\t\t<figcaption class='wp-caption-text gallery-caption' id='gallery-1-165'>\n\t\t\t\tLezione di coltura idroponica\n\t\t\t\t<\/figcaption><\/figure>\n\t\t<\/div>\n\n","protected":false},"excerpt":{"rendered":"<p>Il progetto, rivolto agli studenti delle classi quarte, ha conseguito l\u2019obiettivo principale di far acquisire agli allievi competenze relative alla gestione delle colture orticole fuori-suolo. Il corso, della durata di 18 ore, \u00e8 stato condotto da Dottori Agronomi esperti del settore e si \u00e8 avvalso delle strutture quali serre, tunnel, laboratori ed attrezzature di cui &hellip; <\/p>\n","protected":false},"author":1,"featured_media":534,"parent":0,"menu_order":0,"comment_status":"closed","ping_status":"closed","template":"","meta":{"footnotes":""},"class_list":["post-2","page","type-page","status-publish","has-post-thumbnail","hentry"],"_links":{"self":[{"href":"https:\/\/agraria.baldessano.roccati.edu.it\/index.php\/wp-json\/wp\/v2\/pages\/2","targetHints":{"allow":["GET"]}}],"collection":[{"href":"https:\/\/agraria.baldessano.roccati.edu.it\/index.php\/wp-json\/wp\/v2\/pages"}],"about":[{"href":"https:\/\/agraria.baldessano.roccati.edu.it\/index.php\/wp-json\/wp\/v2\/types\/page"}],"author":[{"embeddable":true,"href":"https:\/\/agraria.baldessano.roccati.edu.it\/index.php\/wp-json\/wp\/v2\/users\/1"}],"replies":[{"embeddable":true,"href":"https:\/\/agraria.baldessano.roccati.edu.it\/index.php\/wp-json\/wp\/v2\/comments?post=2"}],"version-history":[{"count":5,"href":"https:\/\/agraria.baldessano.roccati.edu.it\/index.php\/wp-json\/wp\/v2\/pages\/2\/revisions"}],"predecessor-version":[{"id":175,"href":"https:\/\/agraria.baldessano.roccati.edu.it\/index.php\/wp-json\/wp\/v2\/pages\/2\/revisions\/175"}],"wp:featuredmedia":[{"embeddable":true,"href":"https:\/\/agraria.baldessano.roccati.edu.it\/index.php\/wp-json\/wp\/v2\/media\/534"}],"wp:attachment":[{"href":"https:\/\/agraria.baldessano.roccati.edu.it\/index.php\/wp-json\/wp\/v2\/media?parent=2"}],"curies":[{"name":"wp","href":"https:\/\/api.w.org\/{rel}","templated":true}]}}