{"id":304,"date":"2019-02-08T13:05:52","date_gmt":"2019-02-08T12:05:52","guid":{"rendered":"https:\/\/agraria.baldessano.roccati.edu.it\/?page_id=304"},"modified":"2021-09-22T15:05:51","modified_gmt":"2021-09-22T13:05:51","slug":"in-attesa-del-treno-della-memoria","status":"publish","type":"page","link":"https:\/\/agraria.baldessano.roccati.edu.it\/index.php\/in-attesa-del-treno-della-memoria\/","title":{"rendered":"IN ATTESA DEL TRENO DELLA MEMORIA"},"content":{"rendered":"<p><a href=\"https:\/\/agraria.baldessano.roccati.edu.it\/wp-content\/uploads\/2021\/09\/20190131_214433-1024x576-1.jpg\"><img loading=\"lazy\" decoding=\"async\" class=\"alignnone size-full wp-image-405\" src=\"https:\/\/agraria.baldessano.roccati.edu.it\/wp-content\/uploads\/2021\/09\/20190131_214433-1024x576-1.jpg\" alt=\"\" width=\"1024\" height=\"576\" srcset=\"https:\/\/agraria.baldessano.roccati.edu.it\/wp-content\/uploads\/2021\/09\/20190131_214433-1024x576-1.jpg 1024w, https:\/\/agraria.baldessano.roccati.edu.it\/wp-content\/uploads\/2021\/09\/20190131_214433-1024x576-1-300x169.jpg 300w, https:\/\/agraria.baldessano.roccati.edu.it\/wp-content\/uploads\/2021\/09\/20190131_214433-1024x576-1-768x432.jpg 768w, https:\/\/agraria.baldessano.roccati.edu.it\/wp-content\/uploads\/2021\/09\/20190131_214433-1024x576-1-370x208.jpg 370w\" sizes=\"auto, (max-width: 1024px) 100vw, 1024px\" \/><\/a><br \/>\nSiamo un gruppo di ragazzi della 5<sup>a<\/sup>A e 5<sup>a<\/sup>B dell&#8217;Indirizzo agrario e quest\u2019anno abbiamo deciso di partecipare al \u201ctreno della memoria\u201d.<\/p>\n<p>Vogliamo toccare da vicino il dolore e le violenze subite dagli ebrei nelle deportazioni avvenute nella seconda guerra mondiale ad opera dei nazisti.<\/p>\n<p>Vogliamo conoscere e capire, o almeno provarci, quello che finora abbiamo studiato sui libri o ascoltato nei documentari in Tv.<\/p>\n<div id='gallery-1' class='gallery galleryid-304 gallery-columns-3 gallery-size-medium'><figure class='gallery-item'>\n\t\t\t<div class='gallery-icon landscape'>\n\t\t\t\t<a href='https:\/\/agraria.baldessano.roccati.edu.it\/wp-content\/uploads\/2021\/09\/20190131_214732-1024x576-1.jpg'><img loading=\"lazy\" decoding=\"async\" width=\"300\" height=\"169\" src=\"https:\/\/agraria.baldessano.roccati.edu.it\/wp-content\/uploads\/2021\/09\/20190131_214732-1024x576-1-300x169.jpg\" class=\"attachment-medium size-medium\" alt=\"\" srcset=\"https:\/\/agraria.baldessano.roccati.edu.it\/wp-content\/uploads\/2021\/09\/20190131_214732-1024x576-1-300x169.jpg 300w, https:\/\/agraria.baldessano.roccati.edu.it\/wp-content\/uploads\/2021\/09\/20190131_214732-1024x576-1-768x432.jpg 768w, https:\/\/agraria.baldessano.roccati.edu.it\/wp-content\/uploads\/2021\/09\/20190131_214732-1024x576-1-370x208.jpg 370w, https:\/\/agraria.baldessano.roccati.edu.it\/wp-content\/uploads\/2021\/09\/20190131_214732-1024x576-1.jpg 1024w\" sizes=\"auto, (max-width: 300px) 100vw, 300px\" \/><\/a>\n\t\t\t<\/div><\/figure><figure class='gallery-item'>\n\t\t\t<div class='gallery-icon landscape'>\n\t\t\t\t<a href='https:\/\/agraria.baldessano.roccati.edu.it\/wp-content\/uploads\/2021\/09\/20190131_214818-1024x576-1.jpg'><img loading=\"lazy\" decoding=\"async\" width=\"300\" height=\"169\" src=\"https:\/\/agraria.baldessano.roccati.edu.it\/wp-content\/uploads\/2021\/09\/20190131_214818-1024x576-1-300x169.jpg\" class=\"attachment-medium size-medium\" alt=\"\" srcset=\"https:\/\/agraria.baldessano.roccati.edu.it\/wp-content\/uploads\/2021\/09\/20190131_214818-1024x576-1-300x169.jpg 300w, https:\/\/agraria.baldessano.roccati.edu.it\/wp-content\/uploads\/2021\/09\/20190131_214818-1024x576-1-768x432.jpg 768w, https:\/\/agraria.baldessano.roccati.edu.it\/wp-content\/uploads\/2021\/09\/20190131_214818-1024x576-1-370x208.jpg 370w, https:\/\/agraria.baldessano.roccati.edu.it\/wp-content\/uploads\/2021\/09\/20190131_214818-1024x576-1.jpg 1024w\" sizes=\"auto, (max-width: 300px) 100vw, 300px\" \/><\/a>\n\t\t\t<\/div><\/figure><figure class='gallery-item'>\n\t\t\t<div class='gallery-icon landscape'>\n\t\t\t\t<a href='https:\/\/agraria.baldessano.roccati.edu.it\/wp-content\/uploads\/2021\/09\/IMG-20190205-WA0001-1024x576-1.jpg'><img loading=\"lazy\" decoding=\"async\" width=\"300\" height=\"169\" src=\"https:\/\/agraria.baldessano.roccati.edu.it\/wp-content\/uploads\/2021\/09\/IMG-20190205-WA0001-1024x576-1-300x169.jpg\" class=\"attachment-medium size-medium\" alt=\"\" srcset=\"https:\/\/agraria.baldessano.roccati.edu.it\/wp-content\/uploads\/2021\/09\/IMG-20190205-WA0001-1024x576-1-300x169.jpg 300w, https:\/\/agraria.baldessano.roccati.edu.it\/wp-content\/uploads\/2021\/09\/IMG-20190205-WA0001-1024x576-1-768x432.jpg 768w, https:\/\/agraria.baldessano.roccati.edu.it\/wp-content\/uploads\/2021\/09\/IMG-20190205-WA0001-1024x576-1-370x208.jpg 370w, https:\/\/agraria.baldessano.roccati.edu.it\/wp-content\/uploads\/2021\/09\/IMG-20190205-WA0001-1024x576-1.jpg 1024w\" sizes=\"auto, (max-width: 300px) 100vw, 300px\" \/><\/a>\n\t\t\t<\/div><\/figure>\n\t\t<\/div>\n\n<p>In attesa di partire, gioved\u00ec 31 gennaio scorso abbiamo organizzato, con l\u2019aiuto di alcuni insegnanti e del gruppo Alpini di Carmagnola, una cena per autofinanziare il viaggio: non si \u00e8 trattato solo di una raccolta fondi, ma di molto di pi\u00f9. \u00c8 stata l\u2019occasione per trovarci fra amici, passare insieme una piacevole serata davanti ad un buon piatto di polenta, fare due risate, \u201ccantarne due\u201d per poi fermarci tutti insieme e riflettere su quanto accaduto e potrebbe ancora succedere.<\/p>\n<p>Abbiamo cercato di sensibilizzare i nostri ospiti sull\u2019esperienza che andavamo a fare e sul significato della giornata della memoria. La storia non andrebbe mai dimenticata ed \u00e8 per ci\u00f2 che abbiamo deciso di intraprendere questo viaggio.<\/p>\n<p><a href=\"https:\/\/agraria.baldessano.roccati.edu.it\/wp-content\/uploads\/2021\/09\/IMG-20190131-WA0002-768x1024-1.jpg\"><img loading=\"lazy\" decoding=\"async\" class=\"aligncenter wp-image-408 size-medium\" src=\"https:\/\/agraria.baldessano.roccati.edu.it\/wp-content\/uploads\/2021\/09\/IMG-20190131-WA0002-768x1024-1-225x300.jpg\" alt=\"\" width=\"225\" height=\"300\" srcset=\"https:\/\/agraria.baldessano.roccati.edu.it\/wp-content\/uploads\/2021\/09\/IMG-20190131-WA0002-768x1024-1-225x300.jpg 225w, https:\/\/agraria.baldessano.roccati.edu.it\/wp-content\/uploads\/2021\/09\/IMG-20190131-WA0002-768x1024-1-370x493.jpg 370w, https:\/\/agraria.baldessano.roccati.edu.it\/wp-content\/uploads\/2021\/09\/IMG-20190131-WA0002-768x1024-1.jpg 768w\" sizes=\"auto, (max-width: 225px) 100vw, 225px\" \/><\/a><\/p>\n<p>Si parte mercoled\u00ec 6 febbraio, siamo davvero emozionati&#8230;<\/p>\n<p>Ci rivediamo gioved\u00ec 14 febbraio. A presto !<\/p>\n<p>I ragazzi della 5<sup>a<\/sup>A e 5<sup>a<\/sup>B<\/p>\n","protected":false},"excerpt":{"rendered":"<p>Siamo un gruppo di ragazzi della 5aA e 5aB dell&#8217;Indirizzo agrario e quest\u2019anno abbiamo deciso di partecipare al \u201ctreno della memoria\u201d. Vogliamo toccare da vicino il dolore e le violenze subite dagli ebrei nelle deportazioni avvenute nella seconda guerra mondiale ad opera dei nazisti. Vogliamo conoscere e capire, o almeno provarci, quello che finora abbiamo &hellip; <\/p>\n","protected":false},"author":1,"featured_media":306,"parent":0,"menu_order":0,"comment_status":"closed","ping_status":"closed","template":"","meta":{"footnotes":""},"class_list":["post-304","page","type-page","status-publish","has-post-thumbnail","hentry"],"_links":{"self":[{"href":"https:\/\/agraria.baldessano.roccati.edu.it\/index.php\/wp-json\/wp\/v2\/pages\/304","targetHints":{"allow":["GET"]}}],"collection":[{"href":"https:\/\/agraria.baldessano.roccati.edu.it\/index.php\/wp-json\/wp\/v2\/pages"}],"about":[{"href":"https:\/\/agraria.baldessano.roccati.edu.it\/index.php\/wp-json\/wp\/v2\/types\/page"}],"author":[{"embeddable":true,"href":"https:\/\/agraria.baldessano.roccati.edu.it\/index.php\/wp-json\/wp\/v2\/users\/1"}],"replies":[{"embeddable":true,"href":"https:\/\/agraria.baldessano.roccati.edu.it\/index.php\/wp-json\/wp\/v2\/comments?post=304"}],"version-history":[{"count":6,"href":"https:\/\/agraria.baldessano.roccati.edu.it\/index.php\/wp-json\/wp\/v2\/pages\/304\/revisions"}],"predecessor-version":[{"id":418,"href":"https:\/\/agraria.baldessano.roccati.edu.it\/index.php\/wp-json\/wp\/v2\/pages\/304\/revisions\/418"}],"wp:featuredmedia":[{"embeddable":true,"href":"https:\/\/agraria.baldessano.roccati.edu.it\/index.php\/wp-json\/wp\/v2\/media\/306"}],"wp:attachment":[{"href":"https:\/\/agraria.baldessano.roccati.edu.it\/index.php\/wp-json\/wp\/v2\/media?parent=304"}],"curies":[{"name":"wp","href":"https:\/\/api.w.org\/{rel}","templated":true}]}}